{"id":9300,"date":"2016-09-30T09:51:21","date_gmt":"2016-09-30T07:51:21","guid":{"rendered":"https:\/\/thaovera.hu\/video-parallax\/"},"modified":"2024-10-10T15:59:13","modified_gmt":"2024-10-10T13:59:13","slug":"video-parallax","status":"publish","type":"page","link":"https:\/\/thaovera.hu\/vi\/","title":{"rendered":"Trang ch\u1ee7"},"content":{"rendered":"<div class=\"one withsmallpadding ppb_header_youtube withbg parallax\" data-jarallax-video=\"https:\/\/www.youtube.com\/watch?v=j1wNI9DVxJQ\" style=\"text-align:center;padding:400px 0 400px 0;color:#ffffff;\">\n<div class=\"overlay_background\" style=\"background:#000000;background:rgb(0,0,0,0.6);background:rgba(0,0,0,0.6);\"><\/div>\n<div class=\"standard_wrapper\">\n<div class=\"page_content_wrapper\">\n<div class=\"inner\">\n<div style=\"margin:auto;width:70%\">\n<h2 class=\"ppb_title\" style=\"color:#ffffff;\">S\u1ef1 h\u00e0i h\u00f2a gi\u1eefa h\u01b0\u01a1ng v\u1ecb v\u00e0 phong c\u00e1ch s\u1ed1ng trong v\u01b0\u1eddn<\/h2>\n<\/div>\n<\/div>\n<\/div>\n<\/div>\n<\/div>\n<div class=\"one withsmallpadding \" style=\"background-color:#ffffff;\">\n<div class=\"standard_wrapper\">\n<div class=\"page_content_wrapper\" style=\"text-align:center\">\n<div class=\"inner\">\n<div class=\"testimonial_slider_wrapper\">\n<div class=\"flexslider\" data-height=\"750\">\n<ul class=\"slides\">\n<li>\n<div class=\"testimonial_slider_wrapper\">&#8220;<em>Ni\u1ec1m \u0111am m\u00ea c\u1ee7a t\u00f4i l\u00e0 phong c\u00e1ch s\u1ed1ng trong b\u1ebfp v\u00e0 s\u00e2n v\u01b0\u1eddn c\u1ee7a ng\u01b0\u1eddi Vi\u1ec7t Nam, n\u01a1i k\u1ebft h\u1ee3p nh\u1eefng h\u01b0\u01a1ng v\u1ecb t\u01b0\u01a1i m\u1edbi, \u0111\u00edch th\u1ef1c v\u00e0 l\u1ed1i s\u1ed1ng t\u1ef1 nhi\u00ean, b\u1ec1n v\u1eefng. Th\u00f4ng qua trang web n\u00e0y, t\u00f4i mu\u1ed1n chia s\u1ebb v\u1edbi b\u1ea1n s\u1ef1 quy\u1ebfn r\u0169 c\u1ee7a \u1ea9m th\u1ef1c ch\u00e2u \u00c1 v\u00e0 s\u1ef1 y\u00ean b\u00ecnh c\u1ee7a vi\u1ec7c l\u00e0m v\u01b0\u1eddn, \u0111\u1ec3 b\u1ea1n c\u0169ng c\u00f3 th\u1ec3 tr\u1edf th\u00e0nh m\u1ed9t ph\u1ea7n c\u1ee7a l\u1ed1i s\u1ed1ng \u0111\u1ea7y c\u1ea3m h\u1ee9ng n\u00e0y. <\/em>&#8220;<\/p>\n<div class=\"testimonial_slider_meta\">\n<div class=\"testimonial_image animated\" data-animation=\"bigEntrance\"><img decoding=\"async\" class=\"team_pic\" src=\"https:\/\/thaovera.hu\/wp-content\/uploads\/2014\/06\/Nguyen-Phuong-150x150.jpg\" alt=\"Nguy\u1ec5n Ph\u01b0\u01a1ng Th\u1ea3o\"><\/div>\n<h6>Nguy\u1ec5n Ph\u01b0\u01a1ng Th\u1ea3o<\/h6>\n<\/div>\n<\/div>\n<\/li>\n<\/ul>\n<\/div>\n<\/div>\n<\/div>\n<\/div>\n<\/div>\n<\/div>\n<div class=\"one withsmallpadding ppb_text\" style=\"text-align:left;padding:40px 0 40px 0;\">\n<div class=\"standard_wrapper\">\n<div class=\"page_content_wrapper\">\n<div class=\"inner\">\n<div style=\"margin:auto;width:100%\">\n<p style=\"text-align: center;\">L\u1ed1i s\u1ed1ng nh\u00e0 b\u1ebfp v\u00e0 s\u00e2n v\u01b0\u1eddn c\u1ee7a ng\u01b0\u1eddi Vi\u1ec7t l\u00e0 s\u1ef1 h\u00f2a h\u1ee3p ho\u00e0n h\u1ea3o gi\u1eefa thi\u00ean nhi\u00ean v\u00e0 \u1ea9m th\u1ef1c, n\u01a1i h\u01b0\u01a1ng v\u1ecb, s\u1ef1 t\u01b0\u01a1i m\u00e1t v\u00e0 b\u1ec1n v\u1eefng \u0111\u01b0\u1ee3c \u0111\u1ec1 cao. Di s\u1ea3n v\u0103n h\u00f3a Vi\u1ec7t Nam \u0111\u00e3 \u0103n s\u00e2u v\u00e0o \u0111\u1eddi s\u1ed1ng h\u00e0ng ng\u00e0y, n\u01a1i l\u00e0m v\u01b0\u1eddn kh\u00f4ng ch\u1ec9 l\u00e0 s\u1edf th\u00edch m\u00e0 c\u00f2n l\u00e0 m\u1ed9t ph\u1ea7n kh\u00f4ng th\u1ec3 thi\u1ebfu trong cu\u1ed9c s\u1ed1ng. \u1ea8m th\u1ef1c Vi\u1ec7t Nam l\u00e0 s\u1ef1 k\u1ebft h\u1ee3p gi\u1eefa s\u1ef1 \u0111\u01a1n gi\u1ea3n v\u00e0 tinh t\u1ebf; C\u00e1c m\u00f3n \u0103n th\u01b0\u1eddng c\u00f3 c\u00e1c lo\u1ea1i th\u1ea3o m\u1ed9c t\u01b0\u01a1i, rau, tr\u00e1i c\u00e2y v\u00e0 gia v\u1ecb th\u01a1m, t\u1ea5t c\u1ea3 \u0111\u1ec1u \u0111\u1ebfn t\u1eeb m\u1ed9t khu v\u01b0\u1eddn nh\u1ecf ho\u1eb7c ch\u1ee3. L\u00e0m v\u01b0\u1eddn v\u00e0 t\u1ef1 cung t\u1ef1 c\u1ea5p l\u00e0 n\u1ec1n t\u1ea3ng trong l\u1ed1i s\u1ed1ng c\u1ee7a ng\u01b0\u1eddi Vi\u1ec7t, cho ph\u00e9p ph\u1ee5c v\u1ee5 nh\u1eefng nguy\u00ean li\u1ec7u t\u01b0\u01a1i ngon, ch\u1ea5t l\u01b0\u1ee3ng cao nh\u1ea5t trong m\u1ed7i b\u1eefa \u0103n.   <\/p>\n<p style=\"text-align: center;\">Th\u00f4ng qua trang web, b\u1ea1n c\u00f3 th\u1ec3 c\u00f3 c\u00e1i nh\u00ecn tho\u00e1ng qua v\u1ec1 th\u1ebf gi\u1edbi \u0111\u1eb7c bi\u1ec7t n\u00e0y: ch\u00fang t\u00f4i ch\u1ec9 cho b\u1ea1n c\u00e1ch tr\u1ed3ng c\u00e1c lo\u1ea1i th\u1ea3o m\u1ed9c v\u00e0 rau qu\u1ea3 l\u1ea1 ngay c\u1ea3 trong kh\u00f4ng gian nh\u1ecf nh\u1ea5t v\u00e0 c\u00e1ch b\u1ea1n c\u00f3 th\u1ec3 bi\u1ebfn ng\u00f4i nh\u00e0 c\u1ee7a m\u00ecnh th\u00e0nh m\u1ed9t khu v\u01b0\u1eddn Vi\u1ec7t Nam thu nh\u1ecf. Trong d\u00f2ng ch\u1ea3y c\u1ee7a ph\u00f2ng tr\u01b0ng b\u00e0y, b\u1ea1n c\u00f3 th\u1ec3 theo d\u00f5i cu\u1ed9c s\u1ed1ng \u0111\u1eddi th\u01b0\u1eddng c\u1ee7a c\u0103n b\u1ebfp v\u00e0 khu v\u01b0\u1eddn Vi\u1ec7t Nam; b\u1ea1n c\u00f3 th\u1ec3 t\u00ecm hi\u1ec3u v\u1ec1 c\u00e1c c\u00f4ng th\u1ee9c n\u1ea5u \u0103n truy\u1ec1n th\u1ed1ng, m\u1eb9o l\u00e0m v\u01b0\u1eddn, nh\u1eefng b\u1ee9c \u1ea3nh \u0111\u1ea7y c\u1ea3m h\u1ee9ng v\u00e0 nh\u1eefng c\u00e2u chuy\u1ec7n c\u00e1 nh\u00e2n cho th\u1ea5y l\u1ed1i s\u1ed1ng n\u00e0y c\u00f3 th\u1ec3 \u0111\u01b0\u1ee3c \u00e1p d\u1ee5ng nh\u01b0 th\u1ebf n\u00e0o trong th\u1ebf gi\u1edbi hi\u1ec7n \u0111\u1ea1i. H\u00e3y tham gia c\u00f9ng ch\u00fang t\u00f4i v\u00e0 h\u00f2a m\u00ecnh v\u00e0o s\u1ef1 y\u00ean t\u0129nh v\u00e0 h\u00e0i h\u00f2a c\u1ee7a l\u1ed1i s\u1ed1ng Vi\u1ec7t Nam!  <\/p>\n<\/div>\n<\/div>\n<\/div>\n<\/div>\n<\/div>\n<div class=\"ppb_gallery_archive_board one page_main_content sidebar_content full_width fixed_column photoframe\" style=\"margin:95px 0 95px 0;\">\n<div id=\"17277027971481244272\" class=\"portfolio_filter_wrapper masonry gallery three_cols\" data-columns=\"3\" data-gutter=\"30\" data-photoframe=\"1\">\n<div class=\"element masonry photoframe classic3_cols animated1\">\n<div class=\"one_third gallery3 static filterable gallery_type archive\"><a href=\"https:\/\/thaovera.hu\/galleries\/konyha\/\"><\/p>\n<ul class=\"gallery_img_slides\">\n<li><img decoding=\"async\" src=\"https:\/\/thaovera.hu\/wp-content\/uploads\/2024\/09\/336080298_764987588520852_1108202430176982499_n-705x529.jpg\" alt=\"\" class=\"static\"><\/li>\n<li><img decoding=\"async\" src=\"https:\/\/thaovera.hu\/wp-content\/uploads\/2024\/09\/411517922_10219368127752999_4794313029395565625_n-705x529.jpg\" alt=\"\" class=\"static\"><\/li>\n<li><img decoding=\"async\" src=\"https:\/\/thaovera.hu\/wp-content\/uploads\/2024\/09\/336669020_1829474747435978_1503799324104911093_n-705x529.jpg\" alt=\"\" class=\"static\"><\/li>\n<li><img decoding=\"async\" src=\"https:\/\/thaovera.hu\/wp-content\/uploads\/2024\/09\/336755921_1575740902923924_5717527018567683808_n-705x529.jpg\" alt=\"\" class=\"static\"><\/li>\n<li><img decoding=\"async\" src=\"https:\/\/thaovera.hu\/wp-content\/uploads\/2024\/09\/336533586_236992115398636_6853222601428275271_n-705x529.jpg\" alt=\"\" class=\"static\"><\/li>\n<\/ul>\n<p><img decoding=\"async\" src=\"https:\/\/thaovera.hu\/wp-content\/uploads\/2024\/09\/336755921_1575740902923924_5717527018567683808_n-705x529.jpg\" alt=\"Ph\u00f2ng b\u1ebfp\"><\/a><\/p>\n<div class=\"gallery_info_wrapper\">\n<h6>Ph\u00f2ng b\u1ebfp<\/h6>\n<\/div>\n<\/div>\n<\/div>\n<div class=\"element masonry photoframe classic3_cols animated2\">\n<div class=\"one_third gallery3 static filterable gallery_type archive\"><a href=\"https:\/\/thaovera.hu\/galleries\/thaovera-gardening\/\"><\/p>\n<ul class=\"gallery_img_slides\">\n<li><img decoding=\"async\" src=\"https:\/\/thaovera.hu\/wp-content\/uploads\/2024\/09\/11163805_10203447674911628_4443895594305882341_o-705x529.jpg\" alt=\"\" class=\"static\"><\/li>\n<li><img decoding=\"async\" src=\"https:\/\/thaovera.hu\/wp-content\/uploads\/2024\/09\/12009773_10203675255280995_5628740403468165254_n-705x529.jpg\" alt=\"\" class=\"static\"><\/li>\n<li><img decoding=\"async\" src=\"https:\/\/thaovera.hu\/wp-content\/uploads\/2024\/09\/311566265_10217403588960757_2054679264234016226_n-705x529.jpg\" alt=\"\" class=\"static\"><\/li>\n<li><img decoding=\"async\" src=\"https:\/\/thaovera.hu\/wp-content\/uploads\/2024\/09\/10647108_10201672028721583_5097435943242097526_n-705x529.jpg\" alt=\"\" class=\"static\"><\/li>\n<li><img decoding=\"async\" src=\"https:\/\/thaovera.hu\/wp-content\/uploads\/2024\/09\/10922872_10203040100162514_5841243756526353580_n-705x529.jpg\" alt=\"\" class=\"static\"><\/li>\n<\/ul>\n<p><img decoding=\"async\" src=\"https:\/\/thaovera.hu\/wp-content\/uploads\/2024\/09\/11351176_10203115394044814_6537453553785414075_n-705x529.jpg\" alt=\"Th\u1ea3oVera L\u00e0m V\u01b0\u1eddn\"><\/a><\/p>\n<div class=\"gallery_info_wrapper\">\n<h6>Th\u1ea3oVera L\u00e0m V\u01b0\u1eddn<\/h6>\n<\/div>\n<\/div>\n<\/div>\n<\/div>\n<\/div>\n<div class=\"one withsmallpadding ppb_contact_half_bg withbg \" style=\"background-image:url(https:\/\/thaovera.hu\/wp-content\/uploads\/2024\/09\/11163805_10203447674911628_4443895594305882341_o.jpg);background-position: center top;padding:400px 0 400px 0;\">\n<div class=\"standard_wrapper\">\n<div class=\"page_content_wrapper\">\n<div class=\"inner\">\n<div class=\"one_half_bg\" style=\"background:#ffffff;background:rgb(255,255,255,0.6);background:rgba(255,255,255,0.6);color:#000000;\">\n<h2 class=\"ppb_title\" style=\"color:#000000;\">T\u01b0 v\u1ea5n &#8211; \u0110\u00e0o t\u1ea1o<\/h2>\n<hr class=\"title_break bold left\" style=\"border-color:#000000;\">\n<div class=\"page_tagline\" style=\"color:#000000;\">N\u1ebfu b\u1ea1n mu\u1ed1n kh\u00e1m ph\u00e1 l\u1ed1i s\u1ed1ng c\u1ee7a Vera, h\u00e3y li\u00ean h\u1ec7 v\u1edbi c\u00f4 \u1ea5y!<\/div>\n<div id=\"reponse_msg_1727702797242572726\" class=\"contact_form_response\">\n<ul><\/ul>\n<\/div>\n<form id=\"contact_form_1727702797242572726\" data-raw-id=\"1727702797242572726\" data-captcha=\"\" class=\"tg_contact_form contact_form_wrapper\" method=\"post\" action=\"\/wp-admin\/admin-ajax.php\"><input type=\"hidden\" id=\"action\" name=\"action\" value=\"grandphotography_contact_mailer\"><label for=\"your_name\">T\u00ean *<\/label><br \/>\n\t    \t\t\t\t<input id=\"your_name\" name=\"your_name\" type=\"text\" class=\"required_field\" placeholder=\"T\u00ean *\"><br \/>\n\t    \t\t\t\t<label for=\"phone\">\u0110i\u1ec7n tho\u1ea1i<\/label><br \/>\n\t    \t\t\t\t<input id=\"phone\" name=\"phone\" type=\"text\" placeholder=\"\u0110i\u1ec7n tho\u1ea1i\"><br \/>\n\t    \t\t\t\t<label for=\"email\">Email *<\/label><br \/>\n\t    \t\t\t\t<input id=\"email\" name=\"email\" type=\"text\" class=\"required_field email\" placeholder=\"Email *\"><br \/>\n\t    \t\t\t\t<label for=\"message\">Tin nh\u1eafn *<\/label><br \/>\n\t    \t\t\t\t<textarea id=\"message\" name=\"message\" rows=\"7\" cols=\"10\" class=\"required_field\" style=\"width:96%;\" placeholder=\"Tin nh\u1eafn *\"><\/textarea><\/p>\n<div class=\"contact_submit_wrapper\">\n\t    \t<input id=\"contact_submit_btn1727702797242572726\" name=\"contact_submit_btn1727702797242572726\" type=\"submit\" class=\"solidbg\" value=\"G\u1eedi\">\n\t    <\/div>\n<\/form>\n<\/div>\n<\/div>\n<\/div>\n<\/div>\n<\/div>\n","protected":false},"excerpt":{"rendered":"<p>S\u1ef1 h\u00e0i h\u00f2a gi\u1eefa h\u01b0\u01a1ng v\u1ecb v\u00e0 phong c\u00e1ch s\u1ed1ng trong v\u01b0\u1eddn &#8220;Ni\u1ec1m \u0111am m\u00ea c\u1ee7a t\u00f4i l\u00e0 phong c\u00e1ch s\u1ed1ng trong b\u1ebfp v\u00e0 s\u00e2n v\u01b0\u1eddn c\u1ee7a ng\u01b0\u1eddi Vi\u1ec7t Nam, n\u01a1i k\u1ebft h\u1ee3p nh\u1eefng h\u01b0\u01a1ng v\u1ecb t\u01b0\u01a1i m\u1edbi, \u0111\u00edch th\u1ef1c [&hellip;]<\/p>\n","protected":false},"author":1,"featured_media":0,"parent":0,"menu_order":0,"comment_status":"closed","ping_status":"closed","template":"","meta":{"footnotes":""},"class_list":["post-9300","page","type-page","status-publish","hentry"],"_links":{"self":[{"href":"https:\/\/thaovera.hu\/vi\/wp-json\/wp\/v2\/pages\/9300","targetHints":{"allow":["GET"]}}],"collection":[{"href":"https:\/\/thaovera.hu\/vi\/wp-json\/wp\/v2\/pages"}],"about":[{"href":"https:\/\/thaovera.hu\/vi\/wp-json\/wp\/v2\/types\/page"}],"author":[{"embeddable":true,"href":"https:\/\/thaovera.hu\/vi\/wp-json\/wp\/v2\/users\/1"}],"replies":[{"embeddable":true,"href":"https:\/\/thaovera.hu\/vi\/wp-json\/wp\/v2\/comments?post=9300"}],"version-history":[{"count":3,"href":"https:\/\/thaovera.hu\/vi\/wp-json\/wp\/v2\/pages\/9300\/revisions"}],"predecessor-version":[{"id":12033,"href":"https:\/\/thaovera.hu\/vi\/wp-json\/wp\/v2\/pages\/9300\/revisions\/12033"}],"wp:attachment":[{"href":"https:\/\/thaovera.hu\/vi\/wp-json\/wp\/v2\/media?parent=9300"}],"curies":[{"name":"wp","href":"https:\/\/api.w.org\/{rel}","templated":true}]}}